{"id":23,"date":"2025-12-28T13:04:54","date_gmt":"2025-12-28T13:04:54","guid":{"rendered":"http:\/\/rrlsazb.cluster100.hosting.ovh.net\/?page_id=23"},"modified":"2025-12-28T13:54:52","modified_gmt":"2025-12-28T13:54:52","slug":"23-2","status":"publish","type":"page","link":"https:\/\/www.ccmtartiere.com\/index.php\/23-2\/","title":{"rendered":"Realisation"},"content":{"rendered":"\n<p>Nos r\u00e9alisations<\/p>\n\n\n\n<p>D\u00e9couvrez quelques exemples de chantiers r\u00e9alis\u00e9s par notre entreprise.<\/p>\n\n\n\n<p>R\u00e9novation de toitures anciennes, charpentes bois, b\u00e2timents agricoles ou maisons d\u2019habitation :<br>chaque projet est men\u00e9 avec exigence, pr\u00e9cision et respect du patrimoine.<\/p>\n\n\n\n<p>Photos et descriptions de chantiers \u00e0 venir.<\/p>\n\n\n\n<p>Quelques exemples de chantiers r\u00e9alis\u00e9s en charpente et couverture.<br>Chaque projet est men\u00e9 avec exigence, dans le respect du b\u00e2ti existant.<\/p>\n\n\n\n<figure class=\"wp-block-gallery has-nested-images columns-default is-cropped wp-block-gallery-1 is-layout-flex wp-block-gallery-is-layout-flex\">\n<figure class=\"wp-block-image size-large\"><img loading=\"lazy\" decoding=\"async\" width=\"1024\" height=\"768\" data-id=\"47\" src=\"http:\/\/rrlsazb.cluster100.hosting.ovh.net\/wp-content\/uploads\/2025\/12\/IMG_1707-2-1024x768.jpeg\" alt=\"Charpente b\u00e2timent ancien refaite a l'identique\n\" class=\"wp-image-47\" srcset=\"https:\/\/www.ccmtartiere.com\/wp-content\/uploads\/2025\/12\/IMG_1707-2-1024x768.jpeg 1024w, https:\/\/www.ccmtartiere.com\/wp-content\/uploads\/2025\/12\/IMG_1707-2-300x225.jpeg 300w, https:\/\/www.ccmtartiere.com\/wp-content\/uploads\/2025\/12\/IMG_1707-2-768x576.jpeg 768w, https:\/\/www.ccmtartiere.com\/wp-content\/uploads\/2025\/12\/IMG_1707-2-1536x1152.jpeg 1536w, https:\/\/www.ccmtartiere.com\/wp-content\/uploads\/2025\/12\/IMG_1707-2-2048x1536.jpeg 2048w\" sizes=\"auto, (max-width: 1024px) 100vw, 1024px\" \/><figcaption class=\"wp-element-caption\">Charpente b\u00e2timent ancien refaite a l&rsquo;identique<\/figcaption><\/figure>\n\n\n\n<figure class=\"wp-block-image size-large\"><img loading=\"lazy\" decoding=\"async\" width=\"1024\" height=\"768\" data-id=\"42\" src=\"http:\/\/rrlsazb.cluster100.hosting.ovh.net\/wp-content\/uploads\/2025\/12\/IMG_2817-1024x768.jpg\" alt=\"Charpente b\u00e2timent agricole\" class=\"wp-image-42\" srcset=\"https:\/\/www.ccmtartiere.com\/wp-content\/uploads\/2025\/12\/IMG_2817-1024x768.jpg 1024w, https:\/\/www.ccmtartiere.com\/wp-content\/uploads\/2025\/12\/IMG_2817-300x225.jpg 300w, https:\/\/www.ccmtartiere.com\/wp-content\/uploads\/2025\/12\/IMG_2817-768x576.jpg 768w, https:\/\/www.ccmtartiere.com\/wp-content\/uploads\/2025\/12\/IMG_2817-1536x1152.jpg 1536w, https:\/\/www.ccmtartiere.com\/wp-content\/uploads\/2025\/12\/IMG_2817-2048x1536.jpg 2048w\" sizes=\"auto, (max-width: 1024px) 100vw, 1024px\" \/><figcaption class=\"wp-element-caption\">Charpente b\u00e2timent agricole<\/figcaption><\/figure>\n\n\n\n<figure class=\"wp-block-image size-large\"><img loading=\"lazy\" decoding=\"async\" width=\"1024\" height=\"768\" data-id=\"44\" src=\"http:\/\/rrlsazb.cluster100.hosting.ovh.net\/wp-content\/uploads\/2025\/12\/IMG_4426-1024x768.jpeg\" alt=\"\" class=\"wp-image-44\" srcset=\"https:\/\/www.ccmtartiere.com\/wp-content\/uploads\/2025\/12\/IMG_4426-1024x768.jpeg 1024w, https:\/\/www.ccmtartiere.com\/wp-content\/uploads\/2025\/12\/IMG_4426-300x225.jpeg 300w, https:\/\/www.ccmtartiere.com\/wp-content\/uploads\/2025\/12\/IMG_4426-768x576.jpeg 768w, https:\/\/www.ccmtartiere.com\/wp-content\/uploads\/2025\/12\/IMG_4426-1536x1152.jpeg 1536w, https:\/\/www.ccmtartiere.com\/wp-content\/uploads\/2025\/12\/IMG_4426-2048x1536.jpeg 2048w\" sizes=\"auto, (max-width: 1024px) 100vw, 1024px\" \/><\/figure>\n\n\n\n<figure class=\"wp-block-image size-large\"><img loading=\"lazy\" decoding=\"async\" width=\"768\" height=\"1024\" data-id=\"46\" src=\"http:\/\/rrlsazb.cluster100.hosting.ovh.net\/wp-content\/uploads\/2025\/12\/IMG_4938-768x1024.jpeg\" alt=\"\" class=\"wp-image-46\" srcset=\"https:\/\/www.ccmtartiere.com\/wp-content\/uploads\/2025\/12\/IMG_4938-768x1024.jpeg 768w, https:\/\/www.ccmtartiere.com\/wp-content\/uploads\/2025\/12\/IMG_4938-225x300.jpeg 225w, https:\/\/www.ccmtartiere.com\/wp-content\/uploads\/2025\/12\/IMG_4938-1152x1536.jpeg 1152w, https:\/\/www.ccmtartiere.com\/wp-content\/uploads\/2025\/12\/IMG_4938-1536x2048.jpeg 1536w, https:\/\/www.ccmtartiere.com\/wp-content\/uploads\/2025\/12\/IMG_4938-scaled.jpeg 1920w\" sizes=\"auto, (max-width: 768px) 100vw, 768px\" \/><figcaption class=\"wp-element-caption\">Charpente tour<\/figcaption><\/figure>\n\n\n\n<figure class=\"wp-block-image size-large\"><img loading=\"lazy\" decoding=\"async\" width=\"768\" height=\"1024\" data-id=\"45\" src=\"http:\/\/rrlsazb.cluster100.hosting.ovh.net\/wp-content\/uploads\/2025\/12\/IMG_5106-768x1024.jpeg\" alt=\"\" class=\"wp-image-45\" srcset=\"https:\/\/www.ccmtartiere.com\/wp-content\/uploads\/2025\/12\/IMG_5106-768x1024.jpeg 768w, https:\/\/www.ccmtartiere.com\/wp-content\/uploads\/2025\/12\/IMG_5106-225x300.jpeg 225w, https:\/\/www.ccmtartiere.com\/wp-content\/uploads\/2025\/12\/IMG_5106-1152x1536.jpeg 1152w, https:\/\/www.ccmtartiere.com\/wp-content\/uploads\/2025\/12\/IMG_5106-1536x2048.jpeg 1536w, https:\/\/www.ccmtartiere.com\/wp-content\/uploads\/2025\/12\/IMG_5106-scaled.jpeg 1920w\" sizes=\"auto, (max-width: 768px) 100vw, 768px\" \/><figcaption class=\"wp-element-caption\">Couverture en ardoise d&rsquo;une tour<\/figcaption><\/figure>\n\n\n\n<figure class=\"wp-block-image size-large\"><img loading=\"lazy\" decoding=\"async\" width=\"1024\" height=\"768\" data-id=\"51\" src=\"http:\/\/rrlsazb.cluster100.hosting.ovh.net\/wp-content\/uploads\/2025\/12\/IMG_1458-1024x768.jpg\" alt=\"\" class=\"wp-image-51\" srcset=\"https:\/\/www.ccmtartiere.com\/wp-content\/uploads\/2025\/12\/IMG_1458-1024x768.jpg 1024w, https:\/\/www.ccmtartiere.com\/wp-content\/uploads\/2025\/12\/IMG_1458-300x225.jpg 300w, https:\/\/www.ccmtartiere.com\/wp-content\/uploads\/2025\/12\/IMG_1458-768x576.jpg 768w, https:\/\/www.ccmtartiere.com\/wp-content\/uploads\/2025\/12\/IMG_1458-1536x1152.jpg 1536w, https:\/\/www.ccmtartiere.com\/wp-content\/uploads\/2025\/12\/IMG_1458-2048x1536.jpg 2048w\" sizes=\"auto, (max-width: 1024px) 100vw, 1024px\" \/><figcaption class=\"wp-element-caption\">Couverture en tuile terre cuite<\/figcaption><\/figure>\n<\/figure>\n\n\n\n<p><\/p>\n","protected":false},"excerpt":{"rendered":"<p>Nos r\u00e9alisations D\u00e9couvrez quelques exemples de chantiers r\u00e9alis\u00e9s par notre entreprise. R\u00e9novation de toitures anciennes, charpentes bois, b\u00e2timents agricoles ou [&hellip;]<\/p>\n","protected":false},"author":1,"featured_media":0,"parent":0,"menu_order":0,"comment_status":"closed","ping_status":"closed","template":"","meta":{"site-sidebar-layout":"default","site-content-layout":"","ast-site-content-layout":"default","site-content-style":"default","site-sidebar-style":"default","ast-global-header-display":"","ast-banner-title-visibility":"","ast-main-header-display":"","ast-hfb-above-header-display":"","ast-hfb-below-header-display":"","ast-hfb-mobile-header-display":"","site-post-title":"","ast-breadcrumbs-content":"","ast-featured-img":"","footer-sml-layout":"","ast-disable-related-posts":"","theme-transparent-header-meta":"","adv-header-id-meta":"","stick-header-meta":"","header-above-stick-meta":"","header-main-stick-meta":"","header-below-stick-meta":"","astra-migrate-meta-layouts":"default","ast-page-background-enabled":"default","ast-page-background-meta":{"desktop":{"background-color":"var(--ast-global-color-5)","background-image":"","background-repeat":"repeat","background-position":"center center","background-size":"auto","background-attachment":"scroll","background-type":"","background-media":"","overlay-type":"","overlay-color":"","overlay-opacity":"","overlay-gradient":""},"tablet":{"background-color":"","background-image":"","background-repeat":"repeat","background-position":"center center","background-size":"auto","background-attachment":"scroll","background-type":"","background-media":"","overlay-type":"","overlay-color":"","overlay-opacity":"","overlay-gradient":""},"mobile":{"background-color":"","background-image":"","background-repeat":"repeat","background-position":"center center","background-size":"auto","background-attachment":"scroll","background-type":"","background-media":"","overlay-type":"","overlay-color":"","overlay-opacity":"","overlay-gradient":""}},"ast-content-background-meta":{"desktop":{"background-color":"var(--ast-global-color-4)","background-image":"","background-repeat":"repeat","background-position":"center center","background-size":"auto","background-attachment":"scroll","background-type":"","background-media":"","overlay-type":"","overlay-color":"","overlay-opacity":"","overlay-gradient":""},"tablet":{"background-color":"var(--ast-global-color-4)","background-image":"","background-repeat":"repeat","background-position":"center center","background-size":"auto","background-attachment":"scroll","background-type":"","background-media":"","overlay-type":"","overlay-color":"","overlay-opacity":"","overlay-gradient":""},"mobile":{"background-color":"var(--ast-global-color-4)","background-image":"","background-repeat":"repeat","background-position":"center center","background-size":"auto","background-attachment":"scroll","background-type":"","background-media":"","overlay-type":"","overlay-color":"","overlay-opacity":"","overlay-gradient":""}},"footnotes":""},"class_list":["post-23","page","type-page","status-publish","hentry"],"_links":{"self":[{"href":"https:\/\/www.ccmtartiere.com\/index.php\/wp-json\/wp\/v2\/pages\/23","targetHints":{"allow":["GET"]}}],"collection":[{"href":"https:\/\/www.ccmtartiere.com\/index.php\/wp-json\/wp\/v2\/pages"}],"about":[{"href":"https:\/\/www.ccmtartiere.com\/index.php\/wp-json\/wp\/v2\/types\/page"}],"author":[{"embeddable":true,"href":"https:\/\/www.ccmtartiere.com\/index.php\/wp-json\/wp\/v2\/users\/1"}],"replies":[{"embeddable":true,"href":"https:\/\/www.ccmtartiere.com\/index.php\/wp-json\/wp\/v2\/comments?post=23"}],"version-history":[{"count":7,"href":"https:\/\/www.ccmtartiere.com\/index.php\/wp-json\/wp\/v2\/pages\/23\/revisions"}],"predecessor-version":[{"id":52,"href":"https:\/\/www.ccmtartiere.com\/index.php\/wp-json\/wp\/v2\/pages\/23\/revisions\/52"}],"wp:attachment":[{"href":"https:\/\/www.ccmtartiere.com\/index.php\/wp-json\/wp\/v2\/media?parent=23"}],"curies":[{"name":"wp","href":"https:\/\/api.w.org\/{rel}","templated":true}]}}