{"id":15,"date":"2025-12-28T12:43:00","date_gmt":"2025-12-28T12:43:00","guid":{"rendered":"http:\/\/rrlsazb.cluster100.hosting.ovh.net\/?page_id=15"},"modified":"2025-12-30T07:56:23","modified_gmt":"2025-12-30T07:56:23","slug":"acceuil","status":"publish","type":"page","link":"https:\/\/www.ccmtartiere.com\/","title":{"rendered":"Accueil"},"content":{"rendered":"\n<h2 class=\"wp-block-heading\">Couverture &amp; charpente bois<br><\/h2>\n\n\n\n<div style=\"background-image:url(&apos;http:\/\/rrlsazb.cluster100.hosting.ovh.net\/wp-content\/uploads\/2025\/12\/34173cb38f07f89ddbebc2ac9128303f-1540-oberflex_brutdober__cheneclair_detail.jpg&apos;);background-size:cover;\" class=\"wp-block-group is-layout-constrained wp-block-group-is-layout-constrained has-background\">\n<h2 class=\"wp-block-heading alignwide has-text-align-center\">Un savoir-faire artisanal transmis depuis plusieurs g\u00e9n\u00e9rations<\/h2>\n<\/div>\n\n\n\n<div class=\"wp-block-group alignwide is-layout-constrained wp-block-group-is-layout-constrained\">\n<figure class=\"wp-block-image size-large is-resized\"><img loading=\"lazy\" decoding=\"async\" width=\"2560\" height=\"1441\" src=\"https:\/\/www.ccmtartiere.com\/wp-content\/uploads\/2025\/12\/IMG_5480-edited-scaled.jpeg\" alt=\"\" class=\"wp-image-73\" style=\"width:1113px;height:auto\" srcset=\"https:\/\/www.ccmtartiere.com\/wp-content\/uploads\/2025\/12\/IMG_5480-edited-scaled.jpeg 2560w, https:\/\/www.ccmtartiere.com\/wp-content\/uploads\/2025\/12\/IMG_5480-edited-300x169.jpeg 300w, https:\/\/www.ccmtartiere.com\/wp-content\/uploads\/2025\/12\/IMG_5480-edited-1024x576.jpeg 1024w, https:\/\/www.ccmtartiere.com\/wp-content\/uploads\/2025\/12\/IMG_5480-edited-768x432.jpeg 768w, https:\/\/www.ccmtartiere.com\/wp-content\/uploads\/2025\/12\/IMG_5480-edited-1536x864.jpeg 1536w, https:\/\/www.ccmtartiere.com\/wp-content\/uploads\/2025\/12\/IMG_5480-edited-2048x1152.jpeg 2048w\" sizes=\"auto, (max-width: 2560px) 100vw, 2560px\" \/><\/figure>\n<\/div>\n\n\n\n<p>Entreprise familiale de couverture et charpente, CCMT \u2013 Couverture Charpente Menuiserie Tarti\u00e8re transmise depuis plusieurs g\u00e9n\u00e9rations, nous intervenons avec exigence sur des b\u00e2timents anciens d\u2019habitation et b\u00e2timents agricoles<\/p>\n\n\n\n<hr class=\"wp-block-separator has-alpha-channel-opacity\"\/>\n\n\n\n<p>Attach\u00e9s au travail bien fait et aux mat\u00e9riaux durables, nous perp\u00e9tuons un savoir-faire artisanal<br>transmis depuis plusieurs g\u00e9n\u00e9rations, au service de projets locaux et authentiques.<\/p>\n\n\n\n<ul class=\"wp-block-list\">\n<li>Couverture tuiles, ardoises, bac acier<\/li>\n\n\n\n<li>Charpente bois traditionnelle<\/li>\n\n\n\n<li>R\u00e9novation de toitures<\/li>\n\n\n\n<li>Travaux de zinguerie<\/li>\n\n\n\n<li>Isolation et \u00e9tanch\u00e9it\u00e9<\/li>\n<\/ul>\n\n\n\n<p>Nous travaillons en petite \u00e9quipe, avec soin et exigence, en privil\u00e9giant les chantiers locaux<br>et les relations de confiance.<\/p>\n\n\n\n<p><\/p>\n","protected":false},"excerpt":{"rendered":"<p>Couverture &amp; charpente bois Un savoir-faire artisanal transmis depuis plusieurs g\u00e9n\u00e9rations Entreprise familiale de couverture et charpente, CCMT \u2013 Couverture [&hellip;]<\/p>\n","protected":false},"author":1,"featured_media":0,"parent":0,"menu_order":0,"comment_status":"closed","ping_status":"closed","template":"","meta":{"site-sidebar-layout":"default","site-content-layout":"","ast-site-content-layout":"default","site-content-style":"default","site-sidebar-style":"default","ast-global-header-display":"","ast-banner-title-visibility":"","ast-main-header-display":"","ast-hfb-above-header-display":"","ast-hfb-below-header-display":"","ast-hfb-mobile-header-display":"","site-post-title":"","ast-breadcrumbs-content":"","ast-featured-img":"","footer-sml-layout":"","ast-disable-related-posts":"","theme-transparent-header-meta":"","adv-header-id-meta":"","stick-header-meta":"","header-above-stick-meta":"","header-main-stick-meta":"","header-below-stick-meta":"","astra-migrate-meta-layouts":"default","ast-page-background-enabled":"default","ast-page-background-meta":{"desktop":{"background-color":"var(--ast-global-color-5)","background-image":"","background-repeat":"repeat","background-position":"center center","background-size":"auto","background-attachment":"scroll","background-type":"","background-media":"","overlay-type":"","overlay-color":"","overlay-opacity":"","overlay-gradient":""},"tablet":{"background-color":"","background-image":"","background-repeat":"repeat","background-position":"center center","background-size":"auto","background-attachment":"scroll","background-type":"","background-media":"","overlay-type":"","overlay-color":"","overlay-opacity":"","overlay-gradient":""},"mobile":{"background-color":"","background-image":"","background-repeat":"repeat","background-position":"center center","background-size":"auto","background-attachment":"scroll","background-type":"","background-media":"","overlay-type":"","overlay-color":"","overlay-opacity":"","overlay-gradient":""}},"ast-content-background-meta":{"desktop":{"background-color":"var(--ast-global-color-4)","background-image":"","background-repeat":"repeat","background-position":"center center","background-size":"auto","background-attachment":"scroll","background-type":"","background-media":"","overlay-type":"","overlay-color":"","overlay-opacity":"","overlay-gradient":""},"tablet":{"background-color":"var(--ast-global-color-4)","background-image":"","background-repeat":"repeat","background-position":"center center","background-size":"auto","background-attachment":"scroll","background-type":"","background-media":"","overlay-type":"","overlay-color":"","overlay-opacity":"","overlay-gradient":""},"mobile":{"background-color":"var(--ast-global-color-4)","background-image":"","background-repeat":"repeat","background-position":"center center","background-size":"auto","background-attachment":"scroll","background-type":"","background-media":"","overlay-type":"","overlay-color":"","overlay-opacity":"","overlay-gradient":""}},"footnotes":""},"class_list":["post-15","page","type-page","status-publish","hentry"],"_links":{"self":[{"href":"https:\/\/www.ccmtartiere.com\/index.php\/wp-json\/wp\/v2\/pages\/15","targetHints":{"allow":["GET"]}}],"collection":[{"href":"https:\/\/www.ccmtartiere.com\/index.php\/wp-json\/wp\/v2\/pages"}],"about":[{"href":"https:\/\/www.ccmtartiere.com\/index.php\/wp-json\/wp\/v2\/types\/page"}],"author":[{"embeddable":true,"href":"https:\/\/www.ccmtartiere.com\/index.php\/wp-json\/wp\/v2\/users\/1"}],"replies":[{"embeddable":true,"href":"https:\/\/www.ccmtartiere.com\/index.php\/wp-json\/wp\/v2\/comments?post=15"}],"version-history":[{"count":9,"href":"https:\/\/www.ccmtartiere.com\/index.php\/wp-json\/wp\/v2\/pages\/15\/revisions"}],"predecessor-version":[{"id":74,"href":"https:\/\/www.ccmtartiere.com\/index.php\/wp-json\/wp\/v2\/pages\/15\/revisions\/74"}],"wp:attachment":[{"href":"https:\/\/www.ccmtartiere.com\/index.php\/wp-json\/wp\/v2\/media?parent=15"}],"curies":[{"name":"wp","href":"https:\/\/api.w.org\/{rel}","templated":true}]}}